{"id":670,"date":"2023-10-02T11:23:07","date_gmt":"2023-10-02T14:23:07","guid":{"rendered":"https:\/\/consmoron.esteri.it\/?page_id=670"},"modified":"2025-06-23T12:16:32","modified_gmt":"2025-06-23T15:16:32","slug":"cittadinanza-per-filiazione-discendenza-iure-sanguinis","status":"publish","type":"page","link":"https:\/\/consmoron.esteri.it\/it\/servizi-consolari-e-visti\/servizi-per-il-cittadino-straniero\/cittadinanza\/cittadinanza-per-filiazione-discendenza-iure-sanguinis\/","title":{"rendered":"Ricostruzione e Figli Diretti Maggiorenni (\u201ciure sanguinis\u201d)"},"content":{"rendered":"<p align=\"center\"><span style=\"color: #ff0000;\"><strong><u>Il contenuto della presente pagina web dell&#8217;Agenzia Consolare e\u2019 in fase di aggiornamento<\/u><\/strong><\/span><\/p>\n<p><span style=\"color: #ff0000;\"><strong>Per quanto riguarda le norme attualmente vigenti sul riconoscimento della cittadinanza \u201c<\/strong><em><b>iure sanguinis<\/b><\/em><strong>\u201d, si prega di fare riferimento alla normativa pubblicata al seguente <a style=\"color: #ff0000;\" href=\"https:\/\/www.gazzettaufficiale.it\/eli\/id\/2025\/05\/23\/25A03081\/sg\"><u>link<\/u><\/a>, ove \u00e8 disponibile il testo del decreto-legge 28 marzo 2025, n. 36 coordinato con la legge di conversione 23 maggio 2025, n. 74, della quale si raccomanda di prendere attenta visione.<\/strong><\/span><\/p>\n<p><strong>Requisiti<\/strong><\/p>\n<p>Secondo la legge n. 91\/1992, \u00e8 cittadino per nascita il figlio di padre o di madre cittadini. Tale regola generale \u00e8, tuttavia, soggetta alla verifica di alcuni presupposti giuridici e fattuali:<\/p>\n<ul>\n<li>se l\u2019avo dante causa \u00e8 nato prima del 17 marzo 1861 (data di proclamazione del Regno d\u2019Italia), la trasmissione dello <em>status<\/em> <em>civitatis<\/em> \u00e8 possibile solo nell\u2019ipotesi in cui lo stesso non sia deceduto prima di tale data o prima dell\u2019annessione del territorio di nascita al Regno d\u2019Italia;<\/li>\n<li>il riconoscimento per via amministrativa del possesso della cittadinanza italiana per linea materna \u00e8 possibile solo per i figli nati dopo il 1\u00ba gennaio 1948;<\/li>\n<li>il figlio minorenne del cittadino italiano naturalizzato straniero<strong> prima del 16 agosto 1992<\/strong> (data di entrata in vigore della legge n. 91) ha perso la cittadinanza italiana se convivente con il genitore e in possesso di altra cittadinanza;<\/li>\n<li>l\u2019ascendente italiano naturalizzato cittadino argentino <strong>dopo il 12 settembre 1974 <\/strong>(data entrata in vigore dell\u2019Accordo italo-argentino sulla doppia cittadinanza) ha mantenuto la cittadinanza italiana <strong>solo se contestualmente abbia manifestato la volont\u00e0 di adesione all\u2019Accordo;<\/strong><\/li>\n<li><strong><u>al momento della sottoscrizione dell\u2019istanza, il richiedente dovr\u00e0 risultare residente nella Circoscrizione Consolare, ininterrottamente, da almeno 6 mesi antecedenti alla prenotazione del turno.<\/u><\/strong><\/li>\n<\/ul>\n<p><a href=\"https:\/\/www.esteri.it\/it\/servizi-consolari-e-visti\/normativa_consolare\/serviziconsolari\/cittadinanza\/\"><strong>Riferimenti normativi<\/strong><\/a><\/p>\n<p><strong>Documentazione<\/strong><\/p>\n<p>Il giorno dell\u2019appuntamento il richiedente dovr\u00e0 consegnare tutta la documentazione in originale o in formato GEDO, debitamente legalizzata, laddove necessario, e tradotta in italiano. <u>I documenti richiesti non hanno scadenza e non verranno restituiti.<\/u><\/p>\n<p><strong>I documenti che dovr\u00e0 presentare il richiedente con appuntamento di \u201cRicostruzione\u201d o \u201cFigli diretti maggiorenni\u201d (il cui genitore italiano <u>non possiede<\/u> un fascicolo in questa Agenzia Consolare), sono:<\/strong><\/p>\n<ul>\n<li><strong><a href=\"https:\/\/consmoron.esteri.it\/wp-content\/uploads\/2025\/04\/Istanza_albero-genealogico.pdf\">Istanza di riconoscimento e albero genealogico<\/a>, <\/strong>compilati dal richiedente e da firmare il giorno dell\u2019appuntamento davanti all\u2019Ufficiale Consolare;<\/li>\n<li>Documentazione relativa alle singole generazioni:\n<ul>\n<li><strong>AVO dante causa (ultimo ascendente italiano nato in Italia)<\/strong>\n<ul>\n<li><strong>atto di nascita*<\/strong> (da richiedere al <a href=\"https:\/\/consmoron.esteri.it\/it\/servizi-consolari-e-visti\/servizi-per-il-cittadino-straniero\/cittadinanza\/modulistica\/\"><u>Comune italiano di nascita<\/u><\/a>)\n<ul>\n<li>recante i nomi dei genitori;<\/li>\n<li>in originale, firmato e timbrato dall\u2019Ufficiale di Stato Civile;<\/li>\n<\/ul>\n<\/li>\n<\/ul>\n<\/li>\n<\/ul>\n<\/li>\n<\/ul>\n<p>*Qualora l\u2019avo dante causa fosse nato prima dell\u2019istituzione dello Stato Civile presso il Comune di nascita, si dovr\u00e0 presentare il <strong>Certificato di Battesimo<\/strong>:<\/p>\n<ul>\n<li style=\"list-style-type: none;\">\n<ul>\n<li style=\"list-style-type: none;\">\n<ul>\n<li style=\"list-style-type: none;\">\n<ul>\n<li>in originale, firmato e timbrato dall\u2019ufficio parrocchiale;<\/li>\n<li>legalizzato dalla Curia Vescovile competente;<\/li>\n<\/ul>\n<\/li>\n<\/ul>\n<\/li>\n<\/ul>\n<\/li>\n<\/ul>\n<ul>\n<li style=\"list-style-type: none;\">\n<ul>\n<li style=\"list-style-type: none;\">\n<ul>\n<li><strong>atti di Stato Civile* <\/strong>(matrimonio, morte) o \u201c<em>partidas<\/em>\u201d (non certificati):\n<ul>\n<li>in originale o formato GEDO;<\/li>\n<li>apostillati se formati in uno Stato diverso da Italia o Argentina;<\/li>\n<li>tradotti in lingua italiana (la traduzione dovr\u00e0 essere effettuata nello Stato dove l\u2019atto \u00e8 formato e debitamente legalizzata se non effettuata in Argentina);<\/li>\n<\/ul>\n<\/li>\n<\/ul>\n<\/li>\n<\/ul>\n<\/li>\n<\/ul>\n<p>*Qualora l\u2019avo dante causa si fosse coniugato o fosse deceduto prima dell\u2019istituzione dello Stato Civile, i relativi <strong>Atti parrocchiali<\/strong> dovranno essere presentati:<\/p>\n<ul>\n<li style=\"list-style-type: none;\">\n<ul>\n<li style=\"list-style-type: none;\">\n<ul>\n<li style=\"list-style-type: none;\">\n<ul>\n<li>in originale, firmati e timbrati dall\u2019ufficio parrocchiale;<\/li>\n<li>legalizzati dalla Curia Vescovile competente;<\/li>\n<li>apostillati (se non formati in Italia):<\/li>\n<li>tradotti in lingua italiana, (la traduzione dovr\u00e0 essere effettuata nello Stato dove l\u2019atto \u00e8 formato e debitamente legalizzata se non effettuata in Argentina);<\/li>\n<\/ul>\n<\/li>\n<\/ul>\n<\/li>\n<\/ul>\n<\/li>\n<\/ul>\n<ul>\n<li style=\"list-style-type: none;\">\n<ul>\n<li style=\"list-style-type: none;\">\n<ul>\n<li style=\"list-style-type: none;\">\n<ul>\n<li><strong>certificato di \u201cnon naturalizzazione\u201d:<\/strong><\/li>\n<\/ul>\n<ul>\n<li>\u00a0<span style=\"text-decoration: underline;\">aggiornato (modello con firma digitale)<\/span><\/li>\n<li>rilasciato dall\u2019Autorit\u00e0 competente di ciascuno Stato di residenza dell\u2019avo dante causa (per l\u2019Argentina, l\u2019Autorit\u00e0 competente \u00e8 la \u201c<em>C\u00e1mara Nacional Electoral<\/em>\u201d);<\/li>\n<li>se rilasciato in uno Stato diverso dall\u2019Argentina<strong>, <\/strong>apostillato e tradotto in lingua italiana (la traduzione dovr\u00e0 essere effettuata nello Stato dove l\u2019atto \u00e8 formato e debitamente legalizzata);<\/li>\n<\/ul>\n<\/li>\n<\/ul>\n<\/li>\n<\/ul>\n<\/li>\n<\/ul>\n<ul>\n<li style=\"list-style-type: none;\">\n<ul>\n<li><strong>Ascendenti in linea retta successivi all\u2019Avo italiano<\/strong>, i cui atti di Stato Civile sono formati all\u2019estero:\n<ul>\n<li><strong>atti di Stato Civile* (nascita, matrimonio\/unione civile, morte) <\/strong>o \u201c<em>partidas<\/em>\u201d (non certificati):\n<ul>\n<li>in originale o in formato GEDO;<\/li>\n<li>apostillati, se formati in uno Stato diverso dall\u2019Argentina;<\/li>\n<li>tradotti in lingua italiana (la traduzione dovr\u00e0 essere effettuata nello Stato dove l\u2019atto \u00e8 formato e debitamente legalizzata se non effettuata in Argentina);<\/li>\n<\/ul>\n<\/li>\n<\/ul>\n<\/li>\n<\/ul>\n<\/li>\n<\/ul>\n<p>*Per le generazioni nate e\/o coniugate e\/o decedute prima dell\u2019istituzione del Registro Civile, i relativi <strong>Atti Parrocchiali<\/strong> dovranno essere presentati:<\/p>\n<ul>\n<li style=\"list-style-type: none;\">\n<ul>\n<li style=\"list-style-type: none;\">\n<ul>\n<li style=\"list-style-type: none;\">\n<ul>\n<li>in originale, firmati e timbrati dall\u2019ufficio parrocchiale;<\/li>\n<li>legalizzati dalla Curia Vescovile competente;<\/li>\n<li>apostillati;<\/li>\n<li>tradotti in lingua italiana (la traduzione dovr\u00e0 essere effettuata nello Stato dove l\u2019atto \u00e8 formato e debitamente legalizzata se non effettuata in Argentina);<\/li>\n<\/ul>\n<\/li>\n<\/ul>\n<\/li>\n<\/ul>\n<\/li>\n<\/ul>\n<ul>\n<li style=\"list-style-type: none;\">\n<ul>\n<li style=\"list-style-type: none;\">\n<ul>\n<li><strong>certificato di \u201cnon naturalizzazione\u201d:<\/strong>\n<ul>\n<li>rilasciato dall\u2019Autorit\u00e0 competente di ciascuno Stato di residenza (per l\u2019Argentina, l\u2019Autorit\u00e0 competente \u00e8 la \u201c<em>C\u00e1mara Nacional Electoral<\/em>\u201d);<\/li>\n<li>se rilasciato in uno Stato diverso dall\u2019Argentina<strong>, <\/strong>apostillato e tradotto in lingua italiana (la traduzione dovr\u00e0 essere effettuata nello Stato dove l\u2019atto \u00e8 formato e debitamente legalizzata);<\/li>\n<\/ul>\n<\/li>\n<\/ul>\n<\/li>\n<\/ul>\n<\/li>\n<\/ul>\n<ul>\n<li style=\"list-style-type: none;\">\n<ul>\n<li style=\"list-style-type: none;\">\n<ul>\n<li><strong>copia del DNI <\/strong>(per le generazioni ancora in vita)<\/li>\n<\/ul>\n<\/li>\n<\/ul>\n<\/li>\n<\/ul>\n<p><strong>I documenti che dovr\u00e0 presentare il richiedente con appuntamento di \u201cRicostruzione\u201d o \u201cFigli diretti maggiorenni\u201d (il cui genitore italiano <u>possiede<\/u> un fascicolo in questa Agenzia Consolare), sono:<\/strong><\/p>\n<ul>\n<li style=\"list-style-type: none;\">\n<ul>\n<li style=\"list-style-type: none;\">\n<ul>\n<li><strong>atti di Stato Civile (nascita, matrimonio\/unione civile) <\/strong>o \u201c<em>partidas<\/em>\u201d (non certificati):\n<ul>\n<li>in originale o in formato GEDO;<\/li>\n<li>apostillati se formati in uno Stato diverso dall\u2019Argentina;<\/li>\n<li>tradotti in italiano (la traduzione dovr\u00e0 essere effettuata nello Stato dove l\u2019atto \u00e8 formato e debitamente legalizzata se non effettuata in Argentina);<\/li>\n<\/ul>\n<\/li>\n<\/ul>\n<\/li>\n<\/ul>\n<\/li>\n<\/ul>\n<ul>\n<li style=\"list-style-type: none;\">\n<ul>\n<li style=\"list-style-type: none;\">\n<ul>\n<li><strong>eventuali sentenze<\/strong> (ad esempio di adozione, riconoscimento giudiziale, divorzio) dovranno essere presentate:\n<ul>\n<li>in originale e in formato integrale (devono riportare <em>AUTOS; VISTOS; CONSIDERANDO; FALLO<\/em>);<\/li>\n<li>recanti \u201cAttestazione di passaggio in giudicato\u201d (vale a dire che la sentenza \u00e8 \u201c<em>FIRME<\/em>\u201d, o \u201c<em>CONSENTIDA<\/em>\u201d, o \u201c<em>EJECUTORADA<\/em>\u201d o che riveste il carattere di \u201c<em>COSA JUZGADA<\/em>\u201d, con indicazione della data a partire dalla quale la sentenza \u00e8 definitiva);<\/li>\n<li>apostillate;<\/li>\n<li>tradotte in lingua italiana (la traduzione dovr\u00e0 essere effettuata nello Stato dove l\u2019atto \u00e8 formato e debitamente legalizzata se non effettuata in Argentina);<\/li>\n<li>corredate da \u201cIstanza di trascrizione\u201d debitamente firmata dall\u2019istante;<\/li>\n<\/ul>\n<\/li>\n<\/ul>\n<\/li>\n<\/ul>\n<\/li>\n<\/ul>\n<p>*SENTENZA DI ADOZIONE: deve specificare lo stato di abbandono del minore o l\u2019autorizzazione del o dei genitori biologici ai fini dell\u2019adozione;<\/p>\n<p>*SENTENZA DI DIVORZIO: in presenza di figli minori, deve specificare il regime di affidamento degli stessi;<\/p>\n<ul>\n<li style=\"list-style-type: none;\">\n<ul>\n<li style=\"list-style-type: none;\">\n<ul>\n<li><strong>eventuali atti di nascita di figli minorenni<\/strong> o \u201c<em>partidas<\/em>\u201d (non certificati):\n<ul>\n<li>in originale o formato GEDO;<\/li>\n<li>apostillati se formati in uno Stato diverso dall\u2019Argentina;<\/li>\n<li>tradotti in italiano (la traduzione dovr\u00e0 essere effettuata nello Stato dove l\u2019atto \u00e8 formato e debitamente legalizzata se non effettuata in Argentina);<\/li>\n<\/ul>\n<\/li>\n<\/ul>\n<\/li>\n<\/ul>\n<\/li>\n<\/ul>\n<ul>\n<li style=\"list-style-type: none;\">\n<ul>\n<li style=\"list-style-type: none;\">\n<ul>\n<li><strong>copia del DNI;<\/strong><\/li>\n<\/ul>\n<\/li>\n<\/ul>\n<\/li>\n<\/ul>\n<ul>\n<li style=\"list-style-type: none;\">\n<ul>\n<li style=\"list-style-type: none;\">\n<ul>\n<li><strong>prova di residenza entro la Circoscrizione Consolare (<\/strong>servizio di luce, gas, telefono, televisione via cavo, internet e\/o contratto di locazione, che accreditino l\u2019indirizzo di residenza a partire dai 6 mesi antecedenti alla prenotazione dell\u2019appuntamento).<\/li>\n<\/ul>\n<\/li>\n<\/ul>\n<\/li>\n<\/ul>\n<p><u>La mancata presentazione di tale documentazione, ove non si provveda nel senso indicato dall\u2019Ufficio, potrebbe condurre al rigetto dell\u2019istanza, ai sensi della Legge 241\/1990. L\u2019Ufficio si riserva di richiedere ulteriore documentazione qualora si rendesse necessaria.<\/u><\/p>\n<p>Vedi <a href=\"https:\/\/consmoron.esteri.it\/it\/servizi-consolari-e-visti\/servizi-per-il-cittadino-straniero\/cittadinanza\/cittadinanza-per-filiazione-discendenza-iure-sanguinis\/come-presentare-la-documentazione\/\">come presentare la documentazione<\/a><\/p>\n<p><span style=\"color: #ff0000;\"><strong>Tempi di trattazione delle domande<\/strong><\/span><\/p>\n<p>Per quanto riguarda le tempistiche di lavorazione delle istanze, ai sensi del <u>Decreto del Presidente del Consiglio dei Ministri n. 33 del 17\/01\/2014<\/u>, pubblicato nella Gazzetta Ufficiale n. 64 del 18\/03\/2014, il termine massimo \u00e8 fissato in 730 giorni.<\/p>\n<p><span style=\"color: #ff0000;\"><strong>Appuntamenti<\/strong><\/span><\/p>\n<p>Gli appuntamenti sono resi disponibili ogni settimana, domenica, luned\u00ec, mercoled\u00ec e gioved\u00ec, alle ore 00 di Roma, tramite il portale <a href=\"https:\/\/prenotami.esteri.it\/\"><strong>Prenot@mi<\/strong><\/a> con l\u2019opzione \u201c<strong>Cittadinanza&#8221;<\/strong>.<\/p>\n<p><strong>Nell\u2019ambito dell\u2019azione di protezione del sistema \u2018\u2019<\/strong> <a href=\"https:\/\/prenotami.esteri.it\/\"><strong>Prenot@mi<\/strong><\/a><strong>\u2019\u2019 volta ad evitare la captazione di turni da parte di soggetti esterni, tutti i turni cancellati riconducibili a tali soggetti saranno resi nuovamente disponibili all\u2019utenza con tempistiche non prevedibili e casuali.<\/strong><\/p>\n<p><strong>Si invitano dunque gli utenti a provare a collegarsi \u2013 oltre che nei giorni e orari sopra indicati, che verranno mantenuti \u2013 anche in ogni altro momento della settimana.<\/strong> <strong>\u00a0\u00a0\u00a0\u00a0<\/strong><\/p>\n<p>Si ricorda che dovr\u00e0 essere prenotato un appuntamento per ogni persona maggiore di 18 anni e che per la trattazione della domanda di riconoscimento della cittadinanza italiana di ogni persona maggiorenne saranno percepiti diritti consolari pari ad euro 600 da pagare in pesos al cambio consolare ufficiale.<\/p>\n<p><span style=\"color: #ff0000;\"><strong>Pagamento<\/strong><\/span><\/p>\n<p>Vedi <a href=\"https:\/\/consmoron.esteri.it\/it\/servizi-consolari-e-visti\/servizi-per-il-cittadino-straniero\/cittadinanza\/cittadinanza-per-filiazione-discendenza-iure-sanguinis\/come-effettuare-il-pagamento\/\">come effettuare il pagamento<\/a><\/p>\n<p><u>Il contributo \u00e8 dovuto per la trattazione della pratica, indipendentemente dall\u2019esito della trattazione. Nel caso di mancato riconoscimento l\u2019importo pagato non sar\u00e0 restituito.<\/u><\/p>\n<p><strong>Email dell\u2019Ufficio<\/strong>: <a href=\"mailto:cittadinanza.moron@esteri.it\">cittadinanza.moron@esteri.it<\/a><\/p>\n","protected":false},"excerpt":{"rendered":"Il contenuto della presente pagina web dell&#8217;Agenzia Consolare e\u2019 in fase di aggiornamento Per quanto riguarda le norme attualmente vigenti sul riconoscimento della cittadinanza \u201ciure sanguinis\u201d, si prega di fare riferimento alla normativa pubblicata al seguente link, ove \u00e8 disponibile il testo del decreto-legge 28 marzo 2025, n. 36 coordinato con la legge di conversione [&hellip;]","protected":false},"author":3,"featured_media":0,"parent":96,"menu_order":0,"comment_status":"closed","ping_status":"closed","template":"","meta":{"footnotes":""},"class_list":["post-670","page","type-page","status-publish","hentry"],"_links":{"self":[{"href":"https:\/\/consmoron.esteri.it\/it\/wp-json\/wp\/v2\/pages\/670","targetHints":{"allow":["GET"]}}],"collection":[{"href":"https:\/\/consmoron.esteri.it\/it\/wp-json\/wp\/v2\/pages"}],"about":[{"href":"https:\/\/consmoron.esteri.it\/it\/wp-json\/wp\/v2\/types\/page"}],"author":[{"embeddable":true,"href":"https:\/\/consmoron.esteri.it\/it\/wp-json\/wp\/v2\/users\/3"}],"replies":[{"embeddable":true,"href":"https:\/\/consmoron.esteri.it\/it\/wp-json\/wp\/v2\/comments?post=670"}],"version-history":[{"count":7,"href":"https:\/\/consmoron.esteri.it\/it\/wp-json\/wp\/v2\/pages\/670\/revisions"}],"predecessor-version":[{"id":3519,"href":"https:\/\/consmoron.esteri.it\/it\/wp-json\/wp\/v2\/pages\/670\/revisions\/3519"}],"up":[{"embeddable":true,"href":"https:\/\/consmoron.esteri.it\/it\/wp-json\/wp\/v2\/pages\/96"}],"wp:attachment":[{"href":"https:\/\/consmoron.esteri.it\/it\/wp-json\/wp\/v2\/media?parent=670"}],"curies":[{"name":"wp","href":"https:\/\/api.w.org\/{rel}","templated":true}]}}