{"id":680,"date":"2023-10-02T11:30:04","date_gmt":"2023-10-02T14:30:04","guid":{"rendered":"https:\/\/consmoron.esteri.it\/?page_id=680"},"modified":"2024-08-21T13:10:35","modified_gmt":"2024-08-21T16:10:35","slug":"come-presentare-la-documentazione","status":"publish","type":"page","link":"https:\/\/consmoron.esteri.it\/it\/servizi-consolari-e-visti\/servizi-per-il-cittadino-straniero\/cittadinanza\/cittadinanza-per-filiazione-discendenza-iure-sanguinis\/come-presentare-la-documentazione\/","title":{"rendered":"Come presentare la documentazione"},"content":{"rendered":"<p>L\u2019istante dovr\u00e0 presentarsi in questa Agenzia Consolare il giorno dell\u2019appuntamento dalle 9.00 alle 9.20 a prescindere dall\u2019orario assegnato dal portale Prenot@ami;<\/p>\n<p>Il giorno dell\u2019appuntamento dovr\u00e0 presentare in una busta:<\/p>\n<ol>\n<li>la documentazione richiesta per avviare la procedura (<a href=\"https:\/\/consmoron.esteri.it\/it\/servizi-consolari-e-visti\/servizi-per-il-cittadino-straniero\/cittadinanza\/cittadinanza-per-filiazione-discendenza-iure-sanguinis\/\">vedi sezione documentazione<\/a>);<\/li>\n<li>la ricevuta del pagamento;<\/li>\n<li>fotocopia del DNI (fronte e retro nella stessa facciata) del richiedente e di eventuali figli minori di 18 anni, nonch\u00e9 degli ascendenti in linea retta che siano in vita.<\/li>\n<\/ol>\n<ul>\n<li>\u00a0L\u2019istante dovr\u00e0 compilare e stampare questa etichetta:<\/li>\n<\/ul>\n<p style=\"text-align: center;\"><strong>\u2013 Agenzia Consolare d\u2019Italia in Moron<\/strong><\/p>\n<p style=\"text-align: center;\"><strong>\u2013 Turno: Ricostruzione o Figli diretti maggiorenni (Servizi consolari) (eliminare quello superfluo)<\/strong><\/p>\n<p style=\"text-align: center;\"><strong>\u2013 COGNOME e nome (il cognome in maiuscolo)<\/strong><\/p>\n<p><strong>\u2013 Data dell\u2019appuntamento<\/strong><\/p>\n<ul>\n<li>\u00a0La busta si consegna solo personalmente il giorno dell\u2019appuntamento. Al momento della consegna della documentazione L\u2019istante firmer\u00e0, essendo il Funzionario Consolare presente, il modulo che dovr\u00e0 portare gi\u00e0 compilato.<\/li>\n<li>\u00a0Il controllo della documentazione sar\u00e0 effettuato dall\u2019Ufficio cittadinanza successivamente. Il giorno dell\u2019appuntamento verr\u00e0 consegnato all\u2019istante il comprovante della ricezione della documentazione e la ricevuta dell\u2019avvenuto pagamento della percezione consolare.<\/li>\n<\/ul>\n<p><strong>ATTENZIONE<\/strong>:<\/p>\n<p>\u2013 Se la documentazione presente nella busta non corrispondesse con quella dichiarata nel modulo o fosse insufficiente per la conclusione della pratica, sar\u00e0 dato opportuno avviso all\u2019interessato indicando tempi e modalit\u00e0 di consegna dei documenti mancanti. L\u2019Ufficio cittadinanza, nel caso lo ritenesse necessario, potr\u00e0 richiedere documentazione aggiuntiva;<\/p>\n<p>\u2013 NON si accetter\u00e0 documentazione non corrispondente alla pratica del richiedente (per es. documentazione di zii, fratelli, cugini, figli maggiorenni, ecc.);<\/p>\n<p>\u2013 La semplice presentazione della documentazione e il pagamento della percezione consolare NON implicano nessun diritto al riconoscimento della cittadinanza italiana. Il riconoscimento avverr\u00e0 solamente dopo che l\u2019Agenzia Consolare avr\u00e0 esaminato gli atti ed accertato che non ci siano impedimenti.<\/p>\n","protected":false},"excerpt":{"rendered":"L\u2019istante dovr\u00e0 presentarsi in questa Agenzia Consolare il giorno dell\u2019appuntamento dalle 9.00 alle 9.20 a prescindere dall\u2019orario assegnato dal portale Prenot@ami; Il giorno dell\u2019appuntamento dovr\u00e0 presentare in una busta: la documentazione richiesta per avviare la procedura (vedi sezione documentazione); la ricevuta del pagamento; fotocopia del DNI (fronte e retro nella stessa facciata) del richiedente e [&hellip;]","protected":false},"author":3,"featured_media":0,"parent":670,"menu_order":0,"comment_status":"closed","ping_status":"closed","template":"","meta":{"footnotes":""},"class_list":["post-680","page","type-page","status-publish","hentry"],"_links":{"self":[{"href":"https:\/\/consmoron.esteri.it\/it\/wp-json\/wp\/v2\/pages\/680","targetHints":{"allow":["GET"]}}],"collection":[{"href":"https:\/\/consmoron.esteri.it\/it\/wp-json\/wp\/v2\/pages"}],"about":[{"href":"https:\/\/consmoron.esteri.it\/it\/wp-json\/wp\/v2\/types\/page"}],"author":[{"embeddable":true,"href":"https:\/\/consmoron.esteri.it\/it\/wp-json\/wp\/v2\/users\/3"}],"replies":[{"embeddable":true,"href":"https:\/\/consmoron.esteri.it\/it\/wp-json\/wp\/v2\/comments?post=680"}],"version-history":[{"count":6,"href":"https:\/\/consmoron.esteri.it\/it\/wp-json\/wp\/v2\/pages\/680\/revisions"}],"predecessor-version":[{"id":2369,"href":"https:\/\/consmoron.esteri.it\/it\/wp-json\/wp\/v2\/pages\/680\/revisions\/2369"}],"up":[{"embeddable":true,"href":"https:\/\/consmoron.esteri.it\/it\/wp-json\/wp\/v2\/pages\/670"}],"wp:attachment":[{"href":"https:\/\/consmoron.esteri.it\/it\/wp-json\/wp\/v2\/media?parent=680"}],"curies":[{"name":"wp","href":"https:\/\/api.w.org\/{rel}","templated":true}]}}