{"id":685,"date":"2023-10-05T12:44:25","date_gmt":"2023-10-05T15:44:25","guid":{"rendered":"https:\/\/consmoron.esteri.it\/?page_id=685"},"modified":"2024-02-21T11:34:30","modified_gmt":"2024-02-21T14:34:30","slug":"documenti-da-presentare-2","status":"publish","type":"page","link":"https:\/\/consmoron.esteri.it\/it\/servizi-consolari-e-visti\/servizi-per-il-cittadino-straniero\/cittadinanza\/cittadinanza-per-filiazione-discendenza-iure-sanguinis\/documenti-da-presentare-2\/","title":{"rendered":"Documenti da presentare"},"content":{"rendered":"<p><strong>DOCUMENTI DA PRESENTARE<\/strong><\/p>\n<p>Coloro che, essendo nati all\u2019estero, desiderano effettuare la pratica di riconoscimento della cittadinanza italiana \u2013 oltre a dover dimostrare con il documento di identit\u00e0 attuale la loro residenza da almeno 6 mesi nella circoscrizione consolare \u2013 dovranno presentare in originale i seguenti documenti:<\/p>\n<ol>\n<li>\u00a0<a href=\"https:\/\/consmoron.esteri.it\/wp-content\/uploads\/2023\/07\/moron-cittadinanza_istanza_con_check_list.pdf\">Modulo<\/a> di domanda compilato (si firma nell\u2019Agenzia Consolare);<\/li>\n<li>\u00a0Del capostipite (ascendente nato in Italia):<\/li>\n<\/ol>\n<ul>\n<li>Atto di nascita, in originale e contenente le indicazioni di paternit\u00e0 e maternit\u00e0;<\/li>\n<li>Atto\/i di matrimonio (in Italia o all\u2019estero);<\/li>\n<li>Atto di morte (se deceduto) o DNI valido (con fotocopia);<\/li>\n<li>Certificato della \u201cC\u00e1mara Nacional Electoral\u201d: si tratta di un certificato che attesta se (e quando) il capostipite italiano ha acquistato la cittadinanza argentina. E\u2019 necessario che il certificato riporti tutti i nomi in italiano e spagnolo (es.Giovanni Battista\/Juan Bautista) e le variazioni che il nome e\/o cognome abbia subito nel tempo desumibili dagli atti di stato civile (es.Callegar\/Calegari; Eristo\/Evaristo). Qualora il certificato risultasse positivo, dovr\u00e0 riportare la data di \u201cgiuramento\u201d o almeno la data di \u201cconcessione della carta di cittadinanza\u201d. In mancanza dei succitati dati sar\u00e0 indispensabile acquisire la \u201csentenza di naturalizzazione\u201d senza la quale, su indicazione del Ministero dell\u2019Interno, non sar\u00e0 possibile dar corso al procedimento di riconoscimento della cittadinanza. Tali sentenze vengono spesso conservate presso le seguenti entit\u00e0 statali locali:<\/li>\n<li>Archivo General de Tribunales c\/o il Palacio de Tribunales \u2013 Buenos Aires;<\/li>\n<li>Archivo del Ej\u00e9rcito Argentino \u2013 Buenos Aires;<\/li>\n<li>Archivo del Estado Mayor Argentino \u2013 Buenos Aires;<\/li>\n<li>Archivo General de la Naci\u00f3n.<\/li>\n<\/ul>\n<p><strong>NB<\/strong>: Se il certificato della \u201cC\u00e1mara Nacional Electoral\u201d \u00e8 digitale, l\u2019istante dovr\u00e0 ritrasmettere il link per scaricare il documento all\u2019indirizzo di posta elettronica che gli verr\u00e0 fornito il giorno dell\u2019appuntamento.<\/p>\n<p>3.\u00a0 Di ognuno dei discendenti in linea retta:<\/p>\n<ul>\n<li>atto di nascita;<\/li>\n<li>atto di matrimonio (o atti di matrimonio nel caso che la persona si sia sposata pi\u00f9 volte);<\/li>\n<li>atto di morte (se deceduto) o DNI valido (con fotocopia).<\/li>\n<\/ul>\n<p>Tutti gli atti di stato civile rilasciati dal Registro Civil saranno accettati solo se tradotti correttamente in italiano.<br \/>\nTutti i documenti devono essere presentati in originale -cartaceo o digitale verificabile online- anche se relativi a congiunti che siano gi\u00e0 stati riconosciuti cittadini italiani da un Comune italiano o da un\u2019altra Autorit\u00e0 Consolare. (v. Circ. Ministero Interno n. K. 28.1 dell\u20198 aprile 1991, che reca come titolo \u201cRiconoscimento del possesso dello status civitatis italiano ai cittadini stranieri di ceppo italiano\u201d).<\/p>\n<p>Gli atti ecclesiastici dovranno recare la legalizzazione della competente Curia Arcivescovile e del Ministerio de Relaciones Exteriores (apostille) e dovranno essere tradotti in italiano.<\/p>\n<p>Gli atti emessi da Paesi terzi dovranno recare l\u2019Apostille ai sensi della Convenzione de l\u2019Aja del 05.10.1961 e tradotti in italiano nel Paese di origine. La traduzione dovr\u00e0 essere legalizzata nel Consolato italiano nel Paese di origine dell\u2019atto.<\/p>\n<p>Questa Agenzia Consolare potr\u00e0 chiedere inoltre documentazione addizionale, qualora necessaria.<\/p>\n<p>Se l\u2019istante ha avuto divorzio\/i o adozione\/i, dovr\u00e0 inoltre presentare la relativa documentazione: <a href=\"https:\/\/consmoron.esteri.it\/it\/servizi-consolari-e-visti\/servizi-per-il-cittadino-italiano\/stato-civile\/\">vedi ufficio Stato Civile<\/a><\/p>\n<p><strong>IN PRESENZA DI FIGLI MINORI NON CONVIVENTI CON ENTRAMBI I GENITORI<\/strong><br \/>\nLa richiesta di trasmissione in Italia dell\u2019atto di nascita \u2013 e conseguente iscrizione AIRE \u2013 di un minore dev\u2019essere corredata dal suo atto di nascita debitamente legalizzato e tradotto in italiano. Qualora il minore non fosse convivente con entrambi i genitori, la richiesta DOVR\u00c0 ESSERE SOTTOSCRITTA il giorno dell\u2019appuntamento DA ENTRAMBI GLI ESERCENTI LA RESPONSABILIT\u00c0 GENITORIALE e corredata dalle copie del documento di identit\u00e0 di entrambi i firmatari.<br \/>\nIn caso di impossibilit\u00e0 di uno dei due genitori di essere presente il giorno dell\u2019appuntamento, si dovr\u00e0 utilizzare il seguente modulo:<\/p>\n<p><strong><em><a href=\"https:\/\/consmoron.esteri.it\/wp-content\/uploads\/2023\/07\/atto_di_assenso_aire_figlio_minore-AIRE.pdf\">Atto di assenso figli minorenni<\/a>\u00a0<\/em> <\/strong><\/p>\n<ul>\n<li>se si tratta di cittadino italiano o appartenente all\u2019Unione Europea potr\u00e0 dichiarare il suo assenso all\u2019iscrizione\/variazione inviando per posta elettronica l\u2019assenso unitamente alla copia di un documento di identit\u00e0<\/li>\n<li>se \u00e8 cittadino di un Paese al di fuori dell\u2019Unione Europea dovr\u00e0 inviare in originale il suddetto modello con firma autenticata e copia del documento di riconoscimento.<\/li>\n<\/ul>\n<p>In caso di inesistenza dell\u2019altro consenso (ad esempio per morte dell\u2019altro genitore o per provvedimento giurisdizionale interdittivo della sua genitorialit\u00e0 o perch\u00e9 il minore \u00e8 stato riconosciuto da un solo genitore) l\u2019istante dovr\u00e0 fornire \u2013 ove non gi\u00e0 presente in atti \u2013 evidenza documentale.<\/p>\n","protected":false},"excerpt":{"rendered":"DOCUMENTI DA PRESENTARE Coloro che, essendo nati all\u2019estero, desiderano effettuare la pratica di riconoscimento della cittadinanza italiana \u2013 oltre a dover dimostrare con il documento di identit\u00e0 attuale la loro residenza da almeno 6 mesi nella circoscrizione consolare \u2013 dovranno presentare in originale i seguenti documenti: \u00a0Modulo di domanda compilato (si firma nell\u2019Agenzia Consolare); \u00a0Del [&hellip;]","protected":false},"author":3,"featured_media":0,"parent":670,"menu_order":0,"comment_status":"closed","ping_status":"closed","template":"","meta":{"footnotes":""},"class_list":["post-685","page","type-page","status-publish","hentry"],"_links":{"self":[{"href":"https:\/\/consmoron.esteri.it\/it\/wp-json\/wp\/v2\/pages\/685","targetHints":{"allow":["GET"]}}],"collection":[{"href":"https:\/\/consmoron.esteri.it\/it\/wp-json\/wp\/v2\/pages"}],"about":[{"href":"https:\/\/consmoron.esteri.it\/it\/wp-json\/wp\/v2\/types\/page"}],"author":[{"embeddable":true,"href":"https:\/\/consmoron.esteri.it\/it\/wp-json\/wp\/v2\/users\/3"}],"replies":[{"embeddable":true,"href":"https:\/\/consmoron.esteri.it\/it\/wp-json\/wp\/v2\/comments?post=685"}],"version-history":[{"count":2,"href":"https:\/\/consmoron.esteri.it\/it\/wp-json\/wp\/v2\/pages\/685\/revisions"}],"predecessor-version":[{"id":744,"href":"https:\/\/consmoron.esteri.it\/it\/wp-json\/wp\/v2\/pages\/685\/revisions\/744"}],"up":[{"embeddable":true,"href":"https:\/\/consmoron.esteri.it\/it\/wp-json\/wp\/v2\/pages\/670"}],"wp:attachment":[{"href":"https:\/\/consmoron.esteri.it\/it\/wp-json\/wp\/v2\/media?parent=685"}],"curies":[{"name":"wp","href":"https:\/\/api.w.org\/{rel}","templated":true}]}}