{"id":84,"date":"2023-04-03T19:28:33","date_gmt":"2023-04-03T17:28:33","guid":{"rendered":"https:\/\/consolatozurigo.esteri.it\/?page_id=84"},"modified":"2023-07-07T09:59:07","modified_gmt":"2023-07-07T12:59:07","slug":"emergency-travel-documents-etd","status":"publish","type":"page","link":"https:\/\/consmoron.esteri.it\/it\/servizi-consolari-e-visti\/servizi-per-il-cittadino-italiano\/emergency-travel-documents-etd\/","title":{"rendered":"Emergency Travel Documents (ETD)"},"content":{"rendered":"<p><strong>In caso di furto o smarrimento del passaporto<\/strong>, al connazionale, residente in Italia o in altro Paese, in situazione di emergenza e per il quale <strong>non si faccia in tempo <\/strong>ad esperire la necessaria istruttoria <strong>per l\u2019emissione di un nuovo passaporto<\/strong>, potr\u00e0 essere rilasciato un <strong>documento di viaggio provvisorio (Emergency Travel Document)<\/strong> valido solamente per il viaggio di rientro in Italia, nel Paese di stabile residenza all\u2019estero o, in casi eccezionali, per una diversa destinazione.<\/p>\n<p class=\"corpoPagina\">L\u2019interessato dovr\u00e0 inviare una mail all\u2019indirizzo <a href=\"mailto:passaporti.moron@esteri.it\"><strong>passaporti.moron@esteri.it<\/strong><\/a>\u00a0allegando:<\/p>\n<ul>\n<li>eventuale documento di riconoscimento (o copia);<\/li>\n<li>denuncia di furto o smarrimento del passaporto resa presso le locali Autorit\u00e0 di Polizia.<\/li>\n<\/ul>\n<p>Una volta ottenuto riscontro, il connazionale verr\u00e0 convocato e dovr\u00e0 portare con s\u00e9:<\/p>\n<ul>\n<li>eventuale documento di riconoscimento (o copia);<\/li>\n<li>denuncia di furto o smarrimento del passaporto resa presso le locali Autorit\u00e0 di Polizia;<\/li>\n<li>2 fotografie formato tessera (35\u00d740 mm) NON digitali, a colori, su fondo bianco, espressione neutra e la bocca chiusa;<\/li>\n<li>fotocopia del titolo di viaggio per il rientro.<\/li>\n<\/ul>\n<p>&nbsp;<\/p>\n<p><strong>*QUANDO IL PAESE DI RESIDENZA SIA AL DI FUORI DELL\u2019UE SI CONSIGLIA DI VERIFICARE CON LA RAPPRESENTANZA DIPLOMATICO-CONSOLARE COMPETENTE LA VALIDITA\u2019 DELL\u2019ETD AI FINI DELL\u2019INGRESSO.<\/strong><\/p>\n<p>&nbsp;<\/p>\n","protected":false},"excerpt":{"rendered":"In caso di furto o smarrimento del passaporto, al connazionale, residente in Italia o in altro Paese, in situazione di emergenza e per il quale non si faccia in tempo ad esperire la necessaria istruttoria per l\u2019emissione di un nuovo passaporto, potr\u00e0 essere rilasciato un documento di viaggio provvisorio (Emergency Travel Document) valido solamente per [&hellip;]","protected":false},"author":1,"featured_media":0,"parent":59,"menu_order":2,"comment_status":"closed","ping_status":"closed","template":"","meta":{"footnotes":""},"class_list":["post-84","page","type-page","status-publish","hentry"],"_links":{"self":[{"href":"https:\/\/consmoron.esteri.it\/it\/wp-json\/wp\/v2\/pages\/84","targetHints":{"allow":["GET"]}}],"collection":[{"href":"https:\/\/consmoron.esteri.it\/it\/wp-json\/wp\/v2\/pages"}],"about":[{"href":"https:\/\/consmoron.esteri.it\/it\/wp-json\/wp\/v2\/types\/page"}],"author":[{"embeddable":true,"href":"https:\/\/consmoron.esteri.it\/it\/wp-json\/wp\/v2\/users\/1"}],"replies":[{"embeddable":true,"href":"https:\/\/consmoron.esteri.it\/it\/wp-json\/wp\/v2\/comments?post=84"}],"version-history":[{"count":2,"href":"https:\/\/consmoron.esteri.it\/it\/wp-json\/wp\/v2\/pages\/84\/revisions"}],"predecessor-version":[{"id":371,"href":"https:\/\/consmoron.esteri.it\/it\/wp-json\/wp\/v2\/pages\/84\/revisions\/371"}],"up":[{"embeddable":true,"href":"https:\/\/consmoron.esteri.it\/it\/wp-json\/wp\/v2\/pages\/59"}],"wp:attachment":[{"href":"https:\/\/consmoron.esteri.it\/it\/wp-json\/wp\/v2\/media?parent=84"}],"curies":[{"name":"wp","href":"https:\/\/api.w.org\/{rel}","templated":true}]}}