{"id":89,"date":"2023-04-03T19:29:38","date_gmt":"2023-04-03T17:29:38","guid":{"rendered":"https:\/\/consolatozurigo.esteri.it\/?page_id=89"},"modified":"2025-05-21T10:37:15","modified_gmt":"2025-05-21T13:37:15","slug":"servizi-notarili","status":"publish","type":"page","link":"https:\/\/consmoron.esteri.it\/it\/servizi-consolari-e-visti\/servizi-per-il-cittadino-italiano\/servizi-notarili\/","title":{"rendered":"Servizi notarili"},"content":{"rendered":"<p><strong>Informazioni generali<\/strong><\/p>\n<p>Il servizio notarile \u00e8 riservato ai cittadini italiani che risultino essere residenti, in via permanente o temporanea, nella circoscrizione consolare di Mor\u00f3n. Nel caso di cittadini italiani di passaggio, l\u2019Ufficio valuter\u00e0 caso per caso l\u2019effettiva necessit\u00e0 ed urgenza del servizio richiesto.<\/p>\n<p>Gli utenti non in possesso di cittadinanza italiana dovranno rivolgersi ad un Notaio locale (vedi\u00a0<a href=\"https:\/\/consmoron.esteri.it\/it\/servizi-consolari-e-visti\/servizi-per-il-cittadino-straniero\/traduzione-e-legalizzazione-dei-documenti\/\"><strong>Legalizzazione di documenti<\/strong><\/a>).<\/p>\n<p>Informativa sul trattamento dei dati personali disponibile al link <a href=\"https:\/\/www.esteri.it\/it\/sportello_info\/informativa-sul-trattamento-dei-dati-personali\/\">https:\/\/www.esteri.it\/it\/sportello_info\/informativa-sul-trattamento-dei-dati-personali\/<\/a><\/p>\n<p><span style=\"color: #ff0000;\"><a style=\"color: #ff0000;\" href=\"https:\/\/www.youtube.com\/watch?v=BQ7AkO-VpFc&amp;list=PLP6yk6ndBIUdEkRXG7TmCJvHrmTYvEluF&amp;index=11\">VEDI VIDEO INFORMATIVO<\/a><\/span><\/p>\n<p><strong>Appuntamenti<\/strong><\/p>\n<p>Gli appuntamenti sono resi disponibili tramite il portale <a href=\"https:\/\/prenotami.esteri.it\/\"><strong>Prenot@mi<\/strong><\/a>\u00a0con l\u2019opzione \u201c<strong>Notarile<\/strong>\u201d.<\/p>\n<p>L\u2019appuntamento \u00e8 virtuale, in quanto nel giorno indicato dovr\u00e0 essere consegnata la documentazione in formato word via email (<a href=\"mailto:studi-notarile.moron@esteri.it\">studi-notarile.moron@esteri.it<\/a>). Solo in un secondo momento, a seguito di contatto da parte dell\u2019Ufficio, si potr\u00e0 consegnare la documentazione in cartaceo.<\/p>\n<p>Al fine di poter offrire un miglior servizio, si prega l\u2019utente di indicare, al momento della prenotazione, il motivo esatto della sua richiesta e, nel caso specifico delle procure, l\u2019oggetto della procura stessa.<\/p>\n<p><strong>Pagamento<\/strong><\/p>\n<p>La modalit\u00e0 del pagamento verr\u00e0 comunicata al richiedente del servizio dall\u2019Ufficio di competenza.<\/p>\n<p><strong>Email:\u00a0<\/strong><a href=\"mailto:studi-notarile.moron@esteri.it\">studi-notarile.moron@esteri.it<\/a><\/p>\n<p><a name=\"UTILI\"><\/a><strong>Informazioni Utili<\/strong><\/p>\n<p>Di seguito vengono fornite indicazioni relative a pratiche da effettuare presso le competenti autorit\u00e0 argentine senza la necessit\u00e0 di doversi presentare in Agenzia consolare.<\/p>\n<p><strong>1. <a name=\"ANIMALI\"><\/a>TRASPORTO ANIMALI DI COMPAGNIA<\/strong><\/p>\n<p>E\u2019 necessario rivolgersi al \u201cLazareto\u201d di Buenos Aires, che rilascer\u00e0 la documentazione occorrente. Indirizzo: Elvira Rawson de Dellepiane (ex Brasil) y Jos\u00e9 Balbin \u2013 D\u00e1rsena Sur \u2013 Puerto de Buenos Aires. Riferimento: a 300 m. dal \u201cCasin\u00f2 Flotante\u201d<br \/>\nOrario: dal luned\u00ec al venerd\u00ec dalle 10.30 alle 15.30 Tel 4362 \u2013 5755 \/ 4361- 4632. Mail:\u00a0www.lazareto@senasa.gov.ar<\/p>\n<p>Entrare nella pagina web <a href=\"http:\/\/www.senasa.gov.ar\">www.senasa.gov.ar<\/a> ed entrare nel link \u201crequisito para viajar con mascotas al exterior\u201d dove vengono fornite informazioni aggiornate sulla documentazione e sui requisiti necessari secondo il Paese di destinazione.<\/p>\n<p><strong>2. \u201c<a name=\"CASELLARIO\"><\/a>CASELLARIO GIUDIZIARIO\u201d DA PRESENTARE ALLE AUTORIT\u00c1 LOCALI.<\/strong><\/p>\n<p>Il casellario giudiziario \u00e8 uno dei documenti fondamentali da presentare alle autorit\u00e0 locali per richiedere il permesso di soggiorno in territorio argentino.<br \/>\nL\u2019unica autorit\u00e0 competente al rilascio di tale certificato \u00e8 il Ministero della Giustizia italiano. Le persone che debbano presentare questo documento presso un\u2019autorit\u00e0 argentina DEVONO inderogabilmente richiedere il certificato dei carichi pendenti alla Procura della Repubblica del luogo di ultima residenza o di iscrizione AIRE (nel caso di connazionali non residenti in Italia e provenienti da altra circoscrizione consolare extra Argentina). Affinch\u00e9 tale atto possa essere valido all\u2019estero deve essere munito di APOSTILLE che viene apposta dalla stessa Procura della Repubblica.<\/p>\n<p><a href=\"http:\/\/www.giustizia.it\/giustizia\/it\/mg_3_3_2.wp\">http:\/\/www.giustizia.it\/giustizia\/it\/mg_3_3_2.wp<\/a><\/p>\n<p><strong>3.<a name=\"apostille\"><\/a> APOSTILLE SU ATTI RILASCIATI IN ITALIA<\/strong><\/p>\n<p>Gli atti rilasciati in Italia (atti di stato civile, procure, sentenze, casellario giudiziario), da valere in Argentina, DEVONO essere Apostillati in Italia presso la Prefettura o la Procura della Repubblica della provincia competente al luogo di rilascio degli stessi. Non \u00e8 possibile effettuare tale legalizzazione nell\u2019Agenzia consolare.<\/p>\n<p><strong>IMPORTANTE: in nessun caso l\u2019Agenzia Consolare pu\u00f2 sostituirsi alle autorit\u00e0 preposte al rilascio del casellario giudiziario n\u00e9 all\u2019apposizione dell\u2019Apostille.<\/strong><\/p>\n","protected":false},"excerpt":{"rendered":"Informazioni generali Il servizio notarile \u00e8 riservato ai cittadini italiani che risultino essere residenti, in via permanente o temporanea, nella circoscrizione consolare di Mor\u00f3n. Nel caso di cittadini italiani di passaggio, l\u2019Ufficio valuter\u00e0 caso per caso l\u2019effettiva necessit\u00e0 ed urgenza del servizio richiesto. Gli utenti non in possesso di cittadinanza italiana dovranno rivolgersi ad un [&hellip;]","protected":false},"author":1,"featured_media":0,"parent":59,"menu_order":12,"comment_status":"closed","ping_status":"closed","template":"","meta":{"footnotes":""},"class_list":["post-89","page","type-page","status-publish","hentry"],"_links":{"self":[{"href":"https:\/\/consmoron.esteri.it\/it\/wp-json\/wp\/v2\/pages\/89","targetHints":{"allow":["GET"]}}],"collection":[{"href":"https:\/\/consmoron.esteri.it\/it\/wp-json\/wp\/v2\/pages"}],"about":[{"href":"https:\/\/consmoron.esteri.it\/it\/wp-json\/wp\/v2\/types\/page"}],"author":[{"embeddable":true,"href":"https:\/\/consmoron.esteri.it\/it\/wp-json\/wp\/v2\/users\/1"}],"replies":[{"embeddable":true,"href":"https:\/\/consmoron.esteri.it\/it\/wp-json\/wp\/v2\/comments?post=89"}],"version-history":[{"count":6,"href":"https:\/\/consmoron.esteri.it\/it\/wp-json\/wp\/v2\/pages\/89\/revisions"}],"predecessor-version":[{"id":3357,"href":"https:\/\/consmoron.esteri.it\/it\/wp-json\/wp\/v2\/pages\/89\/revisions\/3357"}],"up":[{"embeddable":true,"href":"https:\/\/consmoron.esteri.it\/it\/wp-json\/wp\/v2\/pages\/59"}],"wp:attachment":[{"href":"https:\/\/consmoron.esteri.it\/it\/wp-json\/wp\/v2\/media?parent=89"}],"curies":[{"name":"wp","href":"https:\/\/api.w.org\/{rel}","templated":true}]}}