{"id":91,"date":"2023-04-03T19:29:59","date_gmt":"2023-04-03T17:29:59","guid":{"rendered":"https:\/\/consolatozurigo.esteri.it\/?page_id=91"},"modified":"2025-02-10T14:43:38","modified_gmt":"2025-02-10T17:43:38","slug":"autoveicoli-e-patenti-di-guida","status":"publish","type":"page","link":"https:\/\/consmoron.esteri.it\/it\/servizi-consolari-e-visti\/servizi-per-il-cittadino-italiano\/autoveicoli-e-patenti-di-guida\/","title":{"rendered":"Autoveicoli e Patenti di guida"},"content":{"rendered":"<p><strong>PATENTE DI GUIDA ITALIANA<\/strong><\/p>\n<p><strong>Rinnovo Patente di Guida italiana<\/strong><\/p>\n<p>Il rinnovo della patente italiana pu\u00f2 essere richiesto ESCLUSIVAMENTE da cittadini italiani residenti nella circoscrizione consolare e regolarmente iscritti nell\u2019AIRE, ovvero da cittadini dimoranti all\u2019estero per un periodo di almeno 6 mesi, o da cittadini iscritti nello schedario consolare con procedura avviata di iscrizione nell\u2019AIRE.<\/p>\n<p>L\u2019Agenzia Consolare rilascer\u00e0 una certificazione consolare di rinnovo che avr\u00e0 valore solo per il periodo durante il quale l\u2019interessato soggiorner\u00e0 all\u2019estero. Una volta ritornato in Italia la certificazione dovr\u00e0 essere sostituita dalla normale patente italiana.<\/p>\n<p>Per poter essere rinnovata in Agenzia Consolare, la patente italiana deve essere scaduta da meno di\u00a05 anni.<\/p>\n<p>L\u2019interessato dovr\u00e0 presentarsi munito di un valido documento di identit\u00e0 (DNI, passaporto e\/o carta d\u2019identit\u00e0 italiana), una prova di effettiva residenza nella circoscrizione consolare (quale DNI anche se provvisorio o utenze), patente di guida in originale + 1 fotocopia e certificato medico rilasciato da medico di fiducia di questa Agenzia Consolare.<\/p>\n<p>Il certificato medico \u00e8 a pagamento, a carico del richiedente e il costo va corrisposto direttamente al medico.<\/p>\n<p><span style=\"text-decoration: underline;\">Il certificato medico ha una validit\u00e0 di\u00a0<strong>3 mesi\u00a0<\/strong>dalla data di rilascio.<\/span><\/p>\n<p>I medici di fiducia del Consolato sono:<\/p>\n<p><strong>Dr. EDUARDO MANZINI<\/strong><strong><br \/>\n<\/strong>Callao 492 \u2013 8\u00ba \u201cA\u201d<br \/>\nC1022AAR C.A. Buenos Aires<br \/>\nTelefono: 4371-8812<br \/>\nCellulare: 15\u00a0 4420-4011<\/p>\n<p><strong>Dr. GUSTAVO MAID<\/strong><br \/>\nPer\u00f3n 4190 (Ospedale Italiano) \u2013\u00a0Buenos Aires<br \/>\nTelefono: 6064-4544<br \/>\nCellulare: 15 5341 7025<\/p>\n<p>Per maggiori informazioni:<\/p>\n<p><a href=\"http:\/\/www.esteri.it\/MAE\/IT\/Italiani_nel_Mondo\/ServiziConsolari\/Autoveicoli_e_Patenti\/\">http:\/\/www.esteri.it\/MAE\/IT\/Italiani_nel_Mondo\/ServiziConsolari\/Autoveicoli_e_Patenti\/<\/a><\/p>\n<p>&nbsp;<\/p>\n<p><strong>PATENTE DI GUIDA TEMPORANEA (per non residenti che non siano in possesso della patente internazionale)<\/strong><\/p>\n<p>La patente internazionale va richiesta in Italia, prima della partenza per il Paese straniero di destinazione, all\u2019ufficio della Motorizzazione competente territorialmente in base alla residenza del richiedente.<\/p>\n<p>La patente o permesso internazionale \u00e8 un documento per guidare in tutti i Paesi europei ed in alcuni extra-europei. Viene rilasciata dagli Uffici della motorizzazione. Deve essere sempre accompagnata dalla patente italiana in corso di validit\u00e0. Scopo della patente internazionale \u00e8 quello di fornire alle Autorit\u00e0 straniere l\u2019esatta interpretazione della patente di guida in possesso del titolare.<\/p>\n<p>Qualora la persona si trovi gi\u00e0 in Argentina, pu\u00f2 richiedere un \u201cREGISTRO DE TURISTA\u201d, ossia una patente temporanea per non residenti e non in possesso di patente internazionale. Questo permesso provvisorio di guida avr\u00e0 una validit\u00e0 non superiore alla data di scadenza del visto temporaneo per turismo apposto sul suo passaporto.<br \/>\nVa richiesto alla DIRECCION DE TRANSITO \u2013 Av. Coronel Roca 5252 \u2013 P.A.<\/p>\n<p>L\u2019ufficio riceve solo previo appuntamento via internet\u00a0<a href=\"http:\/\/www.buenosaires.gov.ar\/\">www.buenosaires.gov.ar<\/a>.<br \/>\nOpzione: \u201cLicencias de Conducir\u201d \u2013 \u201cSector Turnos\u201d.<\/p>\n<p>I documenti da presentare sono:<\/p>\n<ul>\n<li>Certificato rilasciato dalla Polizia attestante il domicilio;<\/li>\n<li>Passaporto con il visto\/ timbro d\u2019ingresso;<\/li>\n<li>Patente Italiana;<\/li>\n<li>Traduzione della patente italiana in spagnolo eseguita da un traduttore pubblico;<\/li>\n<li>La patente temporanea viene rilasciata a vista e dietro il pagamento di una tariffa il cui costo pu\u00f2 essere richiesto al momento della prenotazione.<\/li>\n<\/ul>\n<p><strong>CONVERSIONE DELLA \u201cPATENTE DI GUIDA ITALIANA\u201d IN \u201cLICENCIA DE CONDUCIR ARGENTINA\u201d.<\/strong><\/p>\n<p>Coloro che trasferiscono la residenza dall\u2019Italia all\u2019Argentina possono richiedere la conversione della patente di guida italiana in \u201clicencia de conducir argentina\u201d senza sostenere esami. La richiesta va presentata alla DIRECCION DE TRANSITO \u2013 Av. Coronel Roca 5252 \u2013 P.A.<br \/>\nL\u2019ufficio riceve solo previo appuntamento via internet\u00a0<a href=\"http:\/\/www.buenosaires.gov.ar\/\">www.buenosaires.gov.ar<\/a><br \/>\nOpzione: \u201cLicencias de Conducir\u201d \u2013 \u201cSector Turnos\u201d.<\/p>\n<p>L\u2019utente che desideri procedere alla conversione della sua patente di guida italiana in Argentina, al fine di ottenere l\u2019attestazione contenente i dati della patente di cui \u00e8 titolare, dovr\u00e0 presentare, direttamente o per il tramite di un proprio delegato, apposita istanza presso gli Uffici della Motorizzazione Civile, corredata della documentazione attestante il versamento dell\u2019imposta di bollo e dei diritti previsti da disposizioni di legge.<\/p>\n<p>Poich\u00e9 tale attivit\u00e0 di certificazione non \u00e8 legata n\u00e9 al luogo di residenza del richiedente, n\u00e9 all\u2019Ufficio della Motorizzazione Civile che ha rilasciato la patente, sar\u00e0 possibile rivolgersi indifferentemente a qualsiasi Ufficio della Motorizzazione sul territorio italiano.<\/p>\n<p>Tale certificato, per avere valore legale, deve essere \u201cApostillato\u201d in Italia e dovr\u00e0 essere tradotto in Argentina da un traduttore giurato.<br \/>\nOve richiesto, questa Agenzia Consolare provveder\u00e0 ad autenticare la firma del delegante.<\/p>\n<p>I documenti da presentare sono:<\/p>\n<ul>\n<li>Certificato rilasciato dalla Polizia attestante il domicilio;<\/li>\n<li>Passaporto e DNI;<\/li>\n<li>Patente Italiana;<\/li>\n<li>Certificato, rilasciato dall\u2019Ufficio della Motorizzazione italiana che ha emesso la patente, che attesti la validit\u00e0 della stessa. Il certificato, per essere valido in territorio argentino, DEVE essere apostillato in Italia;<\/li>\n<li>Traduzione allo spagnolo, fatta da traduttore pubblico, della patente italiana e del certificato della motorizzazione apostillato.<\/li>\n<\/ul>\n<p>La patente viene rilasciata a vista e dietro il pagamento di una tariffa il cui costo pu\u00f2 essere richiesto al momento della prenotazione. La validit\u00e0 di tale documento coincide con la scadenza del periodo temporaneo di permanenza in Argentina.<\/p>\n<p><strong>CONVERSIONE DEL \u201cREGISTRO DE CONDUCIR ARGENTINO\u201d IN PATENTE DI GUIDA ITALIANA<\/strong><\/p>\n<p>Al fine di poter svolgere presso le competenti Autorit\u00e0 italiane le pratiche relative alla conversione della patente argentina in quella italiana, il titolare dovr\u00e0 presentare presso la Rappresentanza Consolare della Repubblica Argentina in territorio italiano:<\/p>\n<ul>\n<li>\u201cCertificado de legalidad\u201d emesso dalla \u201cDirecci\u00f3n de Tr\u00e1nsito\u201d che a suo tempo ha rilasciato la patente guida. Tale Certificato dovr\u00e0 essere munito di \u201cApostille de La Haya\u201d apposta dal Ministerio de Relaciones Exteriores (situato nella Calle Esmeralda 1214 \u2013 Buenos Aires \u2013\u00a0<a href=\"http:\/\/www.mrecic.gov.ar)\/\">www.mrecic.gov.ar)<\/a>.<\/li>\n<li>Passaporto argentino in corso di validit\u00e0 e\/o DNI + fotocopia;<\/li>\n<li>Certificato di residenza italiano (rilasciato dal Comune competente territorialmente).<\/li>\n<\/ul>\n<p>La Rappresentanza Consolare argentina provveder\u00e0 al rilascio di apposito certificato da presentare alla competente Motorizzazione Civile.<\/p>\n<p>Si prega comunque di confermare i requisiti sopra riportati direttamente ai recapiti delle Rappresentanze Consolari Argentine in Italia competente territorialmente in base alla residenza del richiedente:<\/p>\n<p>Consolato Argentino a Milano, Via Agnello, 2 \u2013 20121 Milano. +39 02 77729401 (centralino) e-mail: cmil@mrecic.gov.ar web:<a href=\"http:\/\/www.cmila.mrecic.gov.ar\/\">www.cmila.mrecic.gov.ar<\/a><\/p>\n<p>Consolato Argentino a Roma, Via Vittorio Veneto, 7 \u2013 00187 Roma Tel. +39 06 42287023 e-mail:\u00a0<a href=\"mailto:consolato.argentina@tiscali.it\">consolato.argentina@tiscali.it<\/a><\/p>\n<p>&nbsp;<\/p>\n<p><strong>RICHIESTE RADIAZIONE DAL PRA \u2013 NUOVA DISCIPLINA IN VIGORE DALL\u20191 GENNAIO 2020<\/strong><\/p>\n<p>Dal 1 gennaio 2020 la radiazione dal PRA (Pubblico Registro Automobilistico) per definitiva esportazione dei veicoli all\u2019estero non potr\u00e0 pi\u00f9 essere richiesta per il tramite della rete diplomatico consolare.<\/p>\n<p>Il nuovo articolo 103 del Codice della Strada prevede che la cancellazione dal PRA per definitiva esportazione all\u2019estero di autoveicoli, motoveicoli o rimorchi sia disposta a condizione che i suddetti siano stati sottoposti a revisione, con esito positivo, in data non anteriore ai sei mesi rispetto alla data di richiesta di radiazione. La radiazione dovr\u00e0 essere richiesta PRIMA che il veicolo venga esportato.<\/p>\n<p>Per maggiori informazioni consultare il sito:<br \/>\n<a href=\"http:\/\/www.aci.it\/i-servizi\/guide-utili\/guida-pratiche-auto\/esportazione.html\">http:\/\/www.aci.it\/i-servizi\/guide-utili\/guida-pratiche-auto\/esportazione.html<\/a><\/p>\n<p>&nbsp;<\/p>\n","protected":false},"excerpt":{"rendered":"PATENTE DI GUIDA ITALIANA Rinnovo Patente di Guida italiana Il rinnovo della patente italiana pu\u00f2 essere richiesto ESCLUSIVAMENTE da cittadini italiani residenti nella circoscrizione consolare e regolarmente iscritti nell\u2019AIRE, ovvero da cittadini dimoranti all\u2019estero per un periodo di almeno 6 mesi, o da cittadini iscritti nello schedario consolare con procedura avviata di iscrizione nell\u2019AIRE. L\u2019Agenzia [&hellip;]","protected":false},"author":1,"featured_media":0,"parent":59,"menu_order":16,"comment_status":"closed","ping_status":"closed","template":"","meta":{"footnotes":""},"class_list":["post-91","page","type-page","status-publish","hentry"],"_links":{"self":[{"href":"https:\/\/consmoron.esteri.it\/it\/wp-json\/wp\/v2\/pages\/91","targetHints":{"allow":["GET"]}}],"collection":[{"href":"https:\/\/consmoron.esteri.it\/it\/wp-json\/wp\/v2\/pages"}],"about":[{"href":"https:\/\/consmoron.esteri.it\/it\/wp-json\/wp\/v2\/types\/page"}],"author":[{"embeddable":true,"href":"https:\/\/consmoron.esteri.it\/it\/wp-json\/wp\/v2\/users\/1"}],"replies":[{"embeddable":true,"href":"https:\/\/consmoron.esteri.it\/it\/wp-json\/wp\/v2\/comments?post=91"}],"version-history":[{"count":2,"href":"https:\/\/consmoron.esteri.it\/it\/wp-json\/wp\/v2\/pages\/91\/revisions"}],"predecessor-version":[{"id":3048,"href":"https:\/\/consmoron.esteri.it\/it\/wp-json\/wp\/v2\/pages\/91\/revisions\/3048"}],"up":[{"embeddable":true,"href":"https:\/\/consmoron.esteri.it\/it\/wp-json\/wp\/v2\/pages\/59"}],"wp:attachment":[{"href":"https:\/\/consmoron.esteri.it\/it\/wp-json\/wp\/v2\/media?parent=91"}],"curies":[{"name":"wp","href":"https:\/\/api.w.org\/{rel}","templated":true}]}}