{"id":96,"date":"2023-04-03T19:30:58","date_gmt":"2023-04-03T17:30:58","guid":{"rendered":"https:\/\/consolatozurigo.esteri.it\/?page_id=96"},"modified":"2025-06-26T13:05:44","modified_gmt":"2025-06-26T16:05:44","slug":"cittadinanza","status":"publish","type":"page","link":"https:\/\/consmoron.esteri.it\/it\/servizi-consolari-e-visti\/servizi-per-il-cittadino-straniero\/cittadinanza\/","title":{"rendered":"Cittadinanza"},"content":{"rendered":"<div class=\"entry-content\">\n<p align=\"center\"><span style=\"color: #ff0000;\"><strong><u>Il contenuto della presente pagina web dell&#8217;Agenzia Consolare e\u2019 in fase di aggiornamento<\/u><\/strong><\/span><\/p>\n<p><span style=\"color: #ff0000;\"><strong>Per quanto riguarda le norme attualmente vigenti sul riconoscimento della cittadinanza \u201c<\/strong><em><b>iure sanguinis<\/b><\/em><strong>\u201d, si prega di fare riferimento alla normativa pubblicata al seguente <a class=\"\" style=\"color: #ff0000;\" href=\"https:\/\/www.gazzettaufficiale.it\/eli\/id\/2025\/05\/23\/25A03081\/sg\" data-focus-mouse=\"false\"><u>link<\/u><\/a>, ove \u00e8 disponibile il testo del decreto-legge 28 marzo 2025, n. 36 coordinato con la legge di conversione 23 maggio 2025, n. 74, della quale si raccomanda di prendere attenta visione.<\/strong><\/span><\/p>\n<p><strong>Normativa<\/strong><\/p>\n<p><strong>Legge<\/strong> <strong>23 maggio 2025, n. 74<\/strong>, con vigenza dal 24 maggio 2025 (che ha convertito con modificazioni il decreto-legge 28 marzo 2025, n. 36). La predetta legge riforma la <strong>legge 5 febbraio 1992, n. 91<\/strong>, il cui nuovo testo integrale \u00e8 disponibile al seguente <a href=\"https:\/\/www.gazzettaufficiale.it\/eli\/id\/2025\/05\/23\/25G00082\/SG\">link<\/a><\/p>\n<p>Si attira, in particolare, l\u2019attenzione sul <strong>nuovo art. 3-bis:<\/strong><\/p>\n<p><em>\u201cIn deroga agli articoli 1, 2, 3, 14 e 20 della presente legge, all\u2019articolo 5 della legge 21 aprile 1983, n. 123, agli articoli 1, 2, 7, 10, 12 e 19 della legge 13 giugno 1912, n. 555, nonch\u00e9 agli articoli 4, 5, 7, 8 e 9 del codice civile approvato con regio decreto 25 giugno 1865, n. 2358, \u00e8 considerato non avere mai acquistato la cittadinanza italiana chi \u00e8 nato all\u2019estero anche prima della data di entrata in vigore del presente articolo ed \u00e8 in possesso di altra cittadinanza, salvo che ricorra una delle seguenti condizioni: <\/em><\/p>\n<p><em>a) lo stato di cittadino dell\u2019interessato \u00e8 riconosciuto, nel rispetto della normativa applicabile al 27 marzo 2025, a seguito di domanda, corredata della necessaria documentazione, presentata all\u2019ufficio consolare o al sindaco competenti non oltre le 23:59, ora di Roma, della medesima data;<\/em><\/p>\n<p><em>a-bis) lo stato di cittadino dell\u2019interessato \u00e8 riconosciuto, nel rispetto della normativa applicabile al 27 marzo 2025, a seguito di domanda, corredata della necessaria documentazione, presentata all\u2019ufficio consolare o al sindaco competenti nel giorno indicato da appuntamento comunicato all\u2019interessato dall\u2019ufficio competente entro le 23:59, ora di Roma, della medesima data del 27 marzo 2025;<\/em><\/p>\n<p><em>b) lo stato di cittadino dell\u2019interessato \u00e8 accertato giudizialmente, nel rispetto della normativa applicabile al 27 marzo 2025, a seguito di domanda giudiziale presentata non oltre le 23:59, ora di Roma, della medesima data;<\/em><\/p>\n<p><em>c) un ascendente di primo o di secondo grado possiede, o possedeva al momento della morte, esclusivamente la cittadinanza italiana;<\/em><\/p>\n<p><em>d) un genitore o adottante \u00e8 stato residente in Italia per almeno due anni continuativi successivamente all\u2019acquisto della cittadinanza italiana e prima della data di nascita o di adozione del figlio\u201d.<\/em><\/p>\n<p>Alla luce dell\u2019entrata in vigore della <strong>Legge<\/strong> <strong>23 maggio 2025, n. 74, <\/strong>la normativa precedente si applica esclusivamente:<\/p>\n<p><strong>1) Alle domande presentate entro le 23:59 ora italiana, del 27 marzo 2025, corredate della necessaria documentazione.<\/strong><\/p>\n<p>Le domande di cui al punto 1) sono dunque esclusivamente quelle consegnate all&#8217;Agenzia Consolare prima della data ed ora sopra indicate e corredate della necessaria documentazione.<\/p>\n<p><strong>2) Alle domande, corredate della necessaria documentazione, presentate all\u2019ufficio consolare nel giorno indicato da appuntamento comunicato all\u2019interessato dall\u2019ufficio competente entro le 23:59, ora italiana, del 27 marzo 2025.<\/strong><\/p>\n<p>Le domande di cui al punto 2) sono dunque esclusivamente quelle, corredate della necessaria documentazione, consegnate all&#8217;Agenzia Consolare nel giorno indicato dall\u2019appuntamento comunicato all\u2019interessato tramite e-mail di conferma del sistema \u201cPrenot@mi\u201d entro la data ed ora sopra indicate.<\/p>\n<p><strong>Si applicher\u00e0 la nuova normativa in tutti gli altri casi, inclusa l\u2019ipotesi in cui le domande, ancorch\u00e9 presentate entro <\/strong><strong>le 23:59 ora italiana del 27 marzo 2025 o in base ad appuntamento comunicato entro le medesime data ed ora, non siano corredate della necessaria documentazione.<\/strong><\/p>\n<p>Per quanto riguarda l\u2019ottenimento della <strong>cittadinanza italiana per matrimonio<\/strong> (ex Artt. 5, 6, 7 e 8 e s. m. L. 91\/1992), tutte le comunicazioni con i richiedenti\u00a0avvengono esclusivamente tramite il portale del Ministero dell\u2019Interno <strong><a href=\"https:\/\/portaleservizi.dlci.interno.it\/AliCittadinanza\/ali\/home.htm\">ALI\/CIVES<\/a><\/strong> e non per e-mail o altri mezzi, in quanto l\u2019Ufficio del Consolato non ha informazioni sulle singole pratiche, una volta trasmesse.<\/p>\n<p><strong><a href=\"https:\/\/consbuenosaires.esteri.it\/wp-content\/uploads\/2024\/02\/Informativa_TDP_per_cittadinanza_all.2-it.pdf\">Informativa riguardante il Regolamento Generale sulla Protezione dei Dati (UE) 2016\/679, art. 13<\/a><\/strong><\/p>\n<p><strong><a class=\"\" href=\"https:\/\/www.esteri.it\/it\/servizi-consolari-e-visti\/italiani-all-estero\/cittadinanza\/\" data-focus-mouse=\"false\">Ulteriori informazioni<\/a><\/strong><\/p>\n<\/div>\n<ul>\n<li><a href=\"https:\/\/consmoron.esteri.it\/it\/servizi-consolari-e-visti\/servizi-per-il-cittadino-straniero\/cittadinanza\/cittadinanza-per-filiazione-discendenza-iure-sanguinis\/\"><strong>Ricostruzione <\/strong><\/a><\/li>\n<li><a href=\"https:\/\/consmoron.esteri.it\/it\/servizi-consolari-e-visti\/servizi-per-il-cittadino-straniero\/cittadinanza\/matrimonio\/\"><strong>Matrimonio<\/strong><strong> (Iure matrimonii e Naturalizzazione)<\/strong><\/a><\/li>\n<li><a href=\"https:\/\/consmoron.esteri.it\/it\/servizi-consolari-e-visti\/servizi-per-il-cittadino-straniero\/cittadinanza\/elezione-di-cittadinanza\/\"><strong>Elezione di cittadinanza<\/strong><\/a><\/li>\n<li><a href=\"https:\/\/consmoron.esteri.it\/it\/servizi-consolari-e-visti\/servizi-per-il-cittadino-straniero\/cittadinanza\/riacquisto-della-cittadinanza\/\"><strong>Riacquisto della cittadinanza<\/strong><\/a><\/li>\n<li><a href=\"https:\/\/consmoron.esteri.it\/it\/servizi-consolari-e-visti\/servizi-per-il-cittadino-straniero\/cittadinanza\/pratica-conclusa-in-italia\/\"><strong>Pratica conclusa in Italia<\/strong><\/a><\/li>\n<\/ul>\n","protected":false},"excerpt":{"rendered":"Il contenuto della presente pagina web dell&#8217;Agenzia Consolare e\u2019 in fase di aggiornamento Per quanto riguarda le norme attualmente vigenti sul riconoscimento della cittadinanza \u201ciure sanguinis\u201d, si prega di fare riferimento alla normativa pubblicata al seguente link, ove \u00e8 disponibile il testo del decreto-legge 28 marzo 2025, n. 36 coordinato con la legge di conversione [&hellip;]","protected":false},"author":1,"featured_media":0,"parent":62,"menu_order":2,"comment_status":"closed","ping_status":"closed","template":"","meta":{"footnotes":""},"class_list":["post-96","page","type-page","status-publish","hentry"],"_links":{"self":[{"href":"https:\/\/consmoron.esteri.it\/it\/wp-json\/wp\/v2\/pages\/96","targetHints":{"allow":["GET"]}}],"collection":[{"href":"https:\/\/consmoron.esteri.it\/it\/wp-json\/wp\/v2\/pages"}],"about":[{"href":"https:\/\/consmoron.esteri.it\/it\/wp-json\/wp\/v2\/types\/page"}],"author":[{"embeddable":true,"href":"https:\/\/consmoron.esteri.it\/it\/wp-json\/wp\/v2\/users\/1"}],"replies":[{"embeddable":true,"href":"https:\/\/consmoron.esteri.it\/it\/wp-json\/wp\/v2\/comments?post=96"}],"version-history":[{"count":7,"href":"https:\/\/consmoron.esteri.it\/it\/wp-json\/wp\/v2\/pages\/96\/revisions"}],"predecessor-version":[{"id":3568,"href":"https:\/\/consmoron.esteri.it\/it\/wp-json\/wp\/v2\/pages\/96\/revisions\/3568"}],"up":[{"embeddable":true,"href":"https:\/\/consmoron.esteri.it\/it\/wp-json\/wp\/v2\/pages\/62"}],"wp:attachment":[{"href":"https:\/\/consmoron.esteri.it\/it\/wp-json\/wp\/v2\/media?parent=96"}],"curies":[{"name":"wp","href":"https:\/\/api.w.org\/{rel}","templated":true}]}}